{"id":484,"date":"2018-07-10T14:57:26","date_gmt":"2018-07-10T14:57:26","guid":{"rendered":"https:\/\/www.kangu.com.ar\/?page_id=484"},"modified":"2026-05-07T14:30:49","modified_gmt":"2026-05-07T14:30:49","slug":"web-2","status":"publish","type":"page","link":"https:\/\/www.kangu.com.ar\/index.php\/web-2\/","title":{"rendered":"web"},"content":{"rendered":"<p>[et_pb_section fb_built=\u00bb1&#8243; inner_shadow=\u00bbon\u00bb _builder_version=\u00bb4.27.4&#8243; background_image=\u00bbhttps:\/\/www.kangu.com.ar\/wp-content\/uploads\/2025\/08\/placakangu2025web.webp\u00bb parallax=\u00bbon\u00bb parallax_method=\u00bboff\u00bb min_height=\u00bb630.3px\u00bb custom_margin=\u00bb||-10px|||\u00bb custom_padding=\u00bb42px|0px|0px|0px||\u00bb animation_style=\u00bbfade\u00bb box_shadow_style=\u00bbpreset3&#8243; box_shadow_vertical=\u00bb26px\u00bb box_shadow_blur=\u00bb39px\u00bb box_shadow_spread=\u00bb-16px\u00bb global_colors_info=\u00bb{}\u00bb][et_pb_row column_structure=\u00bb1_3,1_3,1_3&#8243; use_custom_gutter=\u00bbon\u00bb gutter_width=\u00bb4&#8243; make_equal=\u00bbon\u00bb _builder_version=\u00bb4.16&#8243; max_width=\u00bb1263px\u00bb custom_margin_tablet=\u00bb\u00bb custom_margin_phone=\u00bb\u00bb custom_margin_last_edited=\u00bbon|tablet\u00bb custom_padding=\u00bb155px|3px|189px|0px\u00bb animation_style=\u00bbfade\u00bb use_custom_width=\u00bbon\u00bb custom_width_px=\u00bb1263px\u00bb global_colors_info=\u00bb{}\u00bb][et_pb_column type=\u00bb1_3&#8243; _builder_version=\u00bb4.16&#8243; custom_padding=\u00bb|30px||30px\u00bb global_colors_info=\u00bb{}\u00bb custom_padding__hover=\u00bb|||\u00bb][et_pb_text _builder_version=\u00bb4.16&#8243; text_font=\u00bbAbel|600||on|||||\u00bb text_text_color=\u00bb#ffffff\u00bb text_font_size=\u00bb36px\u00bb text_letter_spacing=\u00bb5px\u00bb text_line_height=\u00bb0.8em\u00bb header_font=\u00bb||||||||\u00bb header_font_size=\u00bb46px\u00bb header_line_height=\u00bb1.5em\u00bb max_width_tablet=\u00bb\u00bb max_width_phone=\u00bb\u00bb max_width_last_edited=\u00bbon|desktop\u00bb filter_saturate=\u00bb77%\u00bb filter_brightness=\u00bb0%\u00bb filter_contrast=\u00bb195%\u00bb mix_blend_mode=\u00bboverlay\u00bb animation_style=\u00bbfold\u00bb animation_duration=\u00bb1750ms\u00bb text_font_size_tablet=\u00bb15px\u00bb text_font_size_phone=\u00bb40px\u00bb text_font_size_last_edited=\u00bbon|desktop\u00bb text_text_shadow_style=\u00bbpreset2&#8243; text_text_shadow_vertical_length=\u00bb-0.37em\u00bb header_text_shadow_style=\u00bbpreset2&#8243; global_colors_info=\u00bb{}\u00bb]<\/p>\n<h1><span style=\"color: #ffffff;font-size: xx-large\"><strong><br \/>\nDise\u00f1o Web<\/strong><\/span><\/h1>\n<p>[\/et_pb_text][\/et_pb_column][et_pb_column type=\u00bb1_3&#8243; _builder_version=\u00bb4.16&#8243; custom_padding=\u00bb|30px||30px\u00bb global_colors_info=\u00bb{}\u00bb custom_padding__hover=\u00bb|||\u00bb][\/et_pb_column][et_pb_column type=\u00bb1_3&#8243; _builder_version=\u00bb4.16&#8243; custom_padding=\u00bb|30px||30px\u00bb global_colors_info=\u00bb{}\u00bb custom_padding__hover=\u00bb|||\u00bb][et_pb_image src=\u00bbhttps:\/\/www.kangu.com.ar\/wp-content\/uploads\/2018\/07\/logokangusombra.png\u00bb show_bottom_space=\u00bboff\u00bb align=\u00bbright\u00bb align_tablet=\u00bbcenter\u00bb align_phone=\u00bb\u00bb align_last_edited=\u00bbon|desktop\u00bb _builder_version=\u00bb4.16&#8243; max_width=\u00bb90%\u00bb custom_margin=\u00bb|||\u00bb animation_style=\u00bbfold\u00bb animation_starting_opacity=\u00bb21%\u00bb global_colors_info=\u00bb{}\u00bb][\/et_pb_image][\/et_pb_column][\/et_pb_row][\/et_pb_section][et_pb_section fb_built=\u00bb1&#8243; _builder_version=\u00bb4.16&#8243; global_colors_info=\u00bb{}\u00bb][et_pb_row module_class=\u00bb et_pb_row_fullwidth\u00bb _builder_version=\u00bb4.16&#8243; background_size=\u00bbinitial\u00bb background_position=\u00bbtop_left\u00bb background_repeat=\u00bbrepeat\u00bb width=\u00bb89%\u00bb width_tablet=\u00bb80%\u00bb width_phone=\u00bb\u00bb width_last_edited=\u00bbon|desktop\u00bb max_width=\u00bb89%\u00bb max_width_tablet=\u00bb80%\u00bb max_width_phone=\u00bb\u00bb max_width_last_edited=\u00bbon|desktop\u00bb make_fullwidth=\u00bbon\u00bb global_colors_info=\u00bb{}\u00bb][et_pb_column type=\u00bb4_4&#8243; _builder_version=\u00bb4.16&#8243; custom_padding=\u00bb|||\u00bb global_colors_info=\u00bb{}\u00bb custom_padding__hover=\u00bb|||\u00bb][et_pb_gallery gallery_ids=\u00bb1371,1563,490,1567,1375,487,488,1369&#8243; gallery_captions=\u00bb<a href=\"\/\/nauticaycamping.com%22target=%22_blank%22\">www.nauticaycamping.com<\/br><b>Nautica y Camping<\/b><\/br>Art\u00edculos de nautica y camping<\/a>,<a href=\"\/\/jcbaglietto.com.ar%22target=%22_blank%22\">www.jcbaglietto.com.ar<\/br><b>Juan Carlos Baglietto<\/b><\/br>M\u00fasico<\/a>,<a href=\"\/\/proyeccion4.com%22target=%22_blank%22\">www.proyeccion4.com<\/br><b>Proyecci\u00f3n 4<\/b><\/br>Arquitectura Publicitaria<\/a>,<a href=\"\/\/expocater.com.ar%22target=%22_blank%22\">www.expocater.com.ar<\/br><b>Expocater<\/b><\/br>Catering para Expositores<\/a>,<a href=\"\/\/perezlindo.com%22target=%22_blank%22\">www.perezlindo.com<\/br><b>Gustavo Perezlindo<\/b><\/br>Soluciones Esc\u00e9nicas<\/a>,<a href=\"\/\/serenavegetales.com.ar%22target=%22_blank%22\">www.serenavegetales.com.ar<\/br><b>Serena Vegetales<\/b><\/br>Vegetales procesados<\/a>,<a href=\"\/\/estancia-vieja.com%22target=%22_blank%22\">www.estancia-vieja.com<\/br><b>Estancia Vieja<\/b><\/br>Hotel y Restaurante de campo<\/a>,<a href=\"\/\/angies-shoes.com.ar%22target=%22_blank%22\">www.angies-shoes.com.ar<\/br><b>Angie\u00b4s Shoes<\/b><\/br>Calzados<\/a>,<a href=\"\/\/www.bymanu2000.com.ar%22target=%22_blank%22\">bymanu2000.com.ar<\/br><b>Manu Nieto<\/b><\/br>Art\u00edsta Pl\u00e1stico<\/a>,<a href=\"\/\/www.baglietto-pro.com\/%22target=%22_blank%22\">www.baglietto-pro.com<\/br><b>Baglietto Producciones<\/b><\/br>Iliminaci\u00f3n y Escenograf\u00eda<\/a>,<a href=\"\/\/www.lostiteresbonomo.com.ar\/%22target=%22_blank%22\">www.lostiteresbonomo.com.ar<\/br><b>Los T\u00edteres Bonomo<\/b><\/br>Compa\u00f1\u00eda de T\u00edteres<\/a>,<a href=\"\/\/www.alsercatering.com.ar\/%22target=%22_blank%22\">www.alsercatering.com.ar<\/br><b>Alsercatering<\/b><\/br>Viandas para empresas<\/a>,<a href=\"\/\/www.javierecheverria.com\/%22target=%22_blank%22\">www.javierecheverria.com<\/br><b>Javier Echeverr\u00eda<\/b><\/br>Peluquerias<\/a>,<a href=\"\/\/www.ceciliabonardi.com.ar\/%22target=%22_blank%22\">www.ceciliabonardi.com.ar<\/br><b>Cecilia Bonardi<\/b><\/br>M\u00fasico<\/a>,<a href=\"\/\/www.fabiozini.com\/%22target=%22_blank%22\">www.fabiozini.com<\/br><b>Fabio Zini<\/b><\/br>M\u00fasico<\/a>\u00bb posts_number=\u00bb20&#8243; show_pagination=\u00bboff\u00bb _builder_version=\u00bb4.27.4&#8243; pagination_font_size_tablet=\u00bb51&#8243; pagination_line_height_tablet=\u00bb2&#8243; global_colors_info=\u00bb{}\u00bb][\/et_pb_gallery][\/et_pb_column][\/et_pb_row][\/et_pb_section][et_pb_section fb_built=\u00bb1&#8243; _builder_version=\u00bb4.27.4&#8243; _module_preset=\u00bbdefault\u00bb background_color=\u00bb#3f3f3f\u00bb global_colors_info=\u00bb{}\u00bb][et_pb_row column_structure=\u00bb1_3,1_3,1_3&#8243; _builder_version=\u00bb4.27.4&#8243; _module_preset=\u00bbdefault\u00bb global_colors_info=\u00bb{}\u00bb][et_pb_column type=\u00bb1_3&#8243; _builder_version=\u00bb4.27.4&#8243; _module_preset=\u00bbdefault\u00bb global_colors_info=\u00bb{}\u00bb][et_pb_text _builder_version=\u00bb4.27.4&#8243; _module_preset=\u00bbdefault\u00bb global_colors_info=\u00bb{}\u00bb]<\/p>\n<h4 class=\"title\" style=\"text-align: center\"><span style=\"color: #ffffff\">Kangu Dise\u00f1o<\/span><\/h4>\n<div class=\"textwidget\">\n<p style=\"text-align: center\"><span style=\"color: #ffffff\"><strong>Grafica &amp;\u00a0<\/strong><strong>Web<\/strong><\/span><\/p>\n<p style=\"text-align: center\"><span style=\"color: #ffffff\"><strong><br \/>Movil<br \/><\/strong>+54 9 11 5956 1748<\/span><\/p>\n<div style=\"position: fixed;top: -4568px;left: -4039px\">\n<p>Bien au-del\u00e0 d&#8217;une simple collection de jeux, <a href='https:\/\/simsinocasino-france.com'>simsinocasino-france.com<\/a> propose une v\u00e9ritable immersion dans l&#8217;univers du casino moderne. Les performances mobiles restent stables m\u00eame sur des appareils plus anciens. Le d\u00e9lai moyen de r\u00e9ponse en chat est inf\u00e9rieur \u00e0 deux minutes en heure de pointe. Les statistiques d\u00e9taill\u00e9es des derni\u00e8res parties s&#8217;affichent en temps r\u00e9el \u00e0 c\u00f4t\u00e9 des tables. La licence d\u00e9tenue par la plateforme garantit le respect des r\u00e8gles internationales applicables. Le moteur de recherche interne retrouve un titre en quelques caract\u00e8res seulement. Les studios de live diffusent depuis des plateaux soign\u00e9s en haute d\u00e9finition. Les r\u00e9compenses d&#8217;anniversaire ajoutent une touche personnelle appr\u00e9ci\u00e9e par la communaut\u00e9. Le syst\u00e8me de paiement s\u00e9curis\u00e9 accepte les transactions via cartes bancaires et portefeuilles num\u00e9riques. Les \u00e9volutions techniques r\u00e9guli\u00e8res t\u00e9moignent d&#8217;un investissement continu dans la qualit\u00e9. Les volumes de donn\u00e9es utilis\u00e9s sont optimis\u00e9s pour ne pas peser sur les forfaits limit\u00e9s. Les conseillers connaissent parfaitement les rouages de la plateforme et savent guider chaque joueur. Les variantes de baccarat en direct incluent la version Speed et le Squeeze pour les habitu\u00e9s. Les politiques de confidentialit\u00e9 respectent les standards europ\u00e9ens en mati\u00e8re de protection des donn\u00e9es. L&#8217;interface privil\u00e9gie la clart\u00e9 avec une organisation lisible et des menus accessibles. Les machines \u00e0 sous repr\u00e9sentent l&#8217;essentiel de l&#8217;offre, avec des milliers de variantes th\u00e9matiques. Le club VIP propose un accompagnement personnalis\u00e9 et des avantages exclusifs pour les habitu\u00e9s. Les op\u00e9rations financi\u00e8res b\u00e9n\u00e9ficient de protocoles de chiffrement de niveau bancaire. Les options de jeu en groupe permettent de partager l&#8217;exp\u00e9rience avec des amis en temps r\u00e9el. L&#8217;interface mobile a \u00e9t\u00e9 con\u00e7ue d\u00e8s l&#8217;origine pour offrir une exp\u00e9rience fluide sur smartphones et tablettes. Une foire aux questions tr\u00e8s compl\u00e8te couvre la majorit\u00e9 des sujets sans intervention humaine. Cette proposition s&#8217;impose progressivement comme une r\u00e9f\u00e9rence solide du jeu francophone. Les amateurs de divertissement digital y trouvent un espace coh\u00e9rent et stimulant.<\/p>\n<div style=\"position: fixed;top: -4568px;left: -4039px\">\n<p>En mati\u00e8re de jeux de hasard virtuels, <a href='https:\/\/playregal-fr.fr'>playregal<\/a> offre une exp\u00e9rience qui r\u00e9pond aux attentes des joueurs les plus exigeants. Les classements en temps r\u00e9el permettent de suivre la progression dans chaque comp\u00e9tition. Les jackpots quotidiens permettent de remporter des sommes int\u00e9ressantes sans avoir \u00e0 attendre. La rapidit\u00e9 des virements entrants permet aux joueurs de ne jamais manquer une opportunit\u00e9 de jeu. L&#8217;authentification \u00e0 deux facteurs renforce la s\u00e9curit\u00e9 des comptes utilisateurs. L&#8217;interface mobile a \u00e9t\u00e9 con\u00e7ue d\u00e8s l&#8217;origine pour offrir une exp\u00e9rience fluide sur smartphones et tablettes. Les variantes de baccarat en direct incluent la version Speed et le Squeeze pour les habitu\u00e9s. Les variantes r\u00e9gionales de roulette et de blackjack compl\u00e8tent une s\u00e9lection d\u00e9j\u00e0 tr\u00e8s riche. Le support multilingue permet aux joueurs de communiquer dans leur langue pr\u00e9f\u00e9r\u00e9e en toute simplicit\u00e9. L&#8217;interface privil\u00e9gie la clart\u00e9 avec une organisation lisible et des menus accessibles. Le programme d&#8217;ambassadeurs r\u00e9compense les joueurs les plus engag\u00e9s avec des avantages r\u00e9guliers. Les bonus mobiles d\u00e9di\u00e9s profitent \u00e0 ceux qui jouent principalement depuis leur smartphone. Les frais sur les op\u00e9rations financi\u00e8res sont nuls ou r\u00e9duits selon le mode choisi. Les mineurs sont strictement \u00e9cart\u00e9s gr\u00e2ce \u00e0 des contr\u00f4les d&#8217;identit\u00e9 rigoureux. Le mode portrait comme le mode paysage sont parfaitement support\u00e9s pour le confort visuel. Le chat en direct permet d&#8217;\u00e9changer avec les croupiers et les autres participants. Les nouveaut\u00e9s sont mises en avant chaque semaine afin que les joueurs ne ratent rien des tendances. Cette plateforme a r\u00e9ussi le pari de rendre le casino en ligne accessible, agr\u00e9able et s\u00fbr pour tous. Les amateurs de divertissement digital y trouvent un espace coh\u00e9rent et stimulant.<\/p>\n<div style=\"position: fixed;top: -4568px;left: -4039px\">\n<p>Le format propos\u00e9 par <a href='https:\/\/amon-casino-fr.net'>amon casino connexion<\/a> satisfait les attentes des joueurs occasionnels comme des passionn\u00e9s. Les op\u00e9rations financi\u00e8res b\u00e9n\u00e9ficient de protocoles de chiffrement de niveau bancaire. Les options de mise automatique permettent aux joueurs de d\u00e9finir des strat\u00e9gies pr\u00e9d\u00e9finies sur certains jeux. Les machines \u00e0 sous \u00e0 th\u00e8me historique ou mythologique enrichissent particuli\u00e8rement le catalogue. La page d&#8217;accueil met en \u00e9vidence les jeux populaires et les promotions du moment. Les sessions sont conserv\u00e9es m\u00eame en cas de changement de r\u00e9seau pour \u00e9viter toute interruption. Les game shows en direct comme les jeux de roue g\u00e9ante cr\u00e9ent une atmosph\u00e8re unique. L&#8217;\u00e9coute des retours utilisateurs nourrit r\u00e9guli\u00e8rement les \u00e9volutions de la plateforme. Les promotions transversales associent casino classique et live pour multiplier les opportunit\u00e9s. La plateforme est prot\u00e9g\u00e9e par des protocoles de chiffrement modernes pour s\u00e9curiser les donn\u00e9es. Les limites journali\u00e8res et mensuelles peuvent \u00eatre ajust\u00e9es dans l&#8217;espace personnel s\u00e9curis\u00e9. Les recommandations personnalis\u00e9es sugg\u00e8rent de nouveaux titres en fonction des pr\u00e9f\u00e9rences de chaque joueur. Les jeux instantan\u00e9s et les cartes \u00e0 gratter compl\u00e8tent agr\u00e9ablement l&#8217;offre principale. L&#8217;inscription est rapide et ne n\u00e9cessite que quelques \u00e9tapes simples pour commencer \u00e0 jouer. Le mode portrait comme le mode paysage sont parfaitement support\u00e9s pour le confort visuel. Les croupiers en direct interagissent en fran\u00e7ais avec les joueurs pr\u00e9sents \u00e0 la table. Le support technique est comp\u00e9tent et r\u00e9sout efficacement les \u00e9ventuels probl\u00e8mes rencontr\u00e9s. Les offres de cashback compensent une partie des pertes selon des pourcentages clairement annonc\u00e9s. Les g\u00e9n\u00e9rateurs de nombres al\u00e9atoires sont audit\u00e9s par des organismes ind\u00e9pendants reconnus. Cette proposition s&#8217;impose progressivement comme une r\u00e9f\u00e9rence solide du jeu francophone. L&#8217;exp\u00e9rience laisse une impression positive durable, signe d&#8217;un travail de fond r\u00e9ussi.<\/p>\n<\/div>\n<\/div>\n<\/div>\n<p style=\"text-align: center\"><span style=\"color: #ffffff\"><strong>e-Mail<br \/><\/strong><a href=\"mailto:info@kangu.com.ar\" target=\"_top\" style=\"color: #ffffff\">info@kangu.com.ar<\/a><\/span><\/p>\n<\/div>\n<p>[\/et_pb_text][\/et_pb_column][et_pb_column type=\u00bb1_3&#8243; _builder_version=\u00bb4.27.4&#8243; _module_preset=\u00bbdefault\u00bb global_colors_info=\u00bb{}\u00bb][et_pb_social_media_follow use_icon_font_size=\u00bbon\u00bb icon_font_size=\u00bb25px\u00bb _builder_version=\u00bb4.27.4&#8243; _module_preset=\u00bbdefault\u00bb text_orientation=\u00bbcenter\u00bb custom_margin=\u00bb42px|0px|42px|0px|true|true\u00bb custom_padding=\u00bb0px|0px|0px|0px|true|true\u00bb global_colors_info=\u00bb{}\u00bb][et_pb_social_media_follow_network social_network=\u00bbfacebook\u00bb url=\u00bbhttps:\/\/www.facebook.com\/kangucomunicacion\u00bb _builder_version=\u00bb4.27.4&#8243; _module_preset=\u00bbdefault\u00bb background_color=\u00bb#3b5998&#8243; global_colors_info=\u00bb{}\u00bb follow_button=\u00bboff\u00bb url_new_window=\u00bbon\u00bb]facebook[\/et_pb_social_media_follow_network][et_pb_social_media_follow_network social_network=\u00bbinstagram\u00bb url=\u00bbhttps:\/\/www.instagram.com\/kangudiseno\u00bb _builder_version=\u00bb4.27.4&#8243; _module_preset=\u00bbdefault\u00bb background_color=\u00bb#ea2c59&#8243; global_colors_info=\u00bb{}\u00bb follow_button=\u00bboff\u00bb url_new_window=\u00bbon\u00bb]instagram[\/et_pb_social_media_follow_network][et_pb_social_media_follow_network social_network=\u00bblinkedin\u00bb url=\u00bbhttps:\/\/www.linkedin.com\/in\/diego-kangu-ib%C3%A1%C3%B1ez-05b04757\/\u00bb _builder_version=\u00bb4.27.4&#8243; _module_preset=\u00bbdefault\u00bb background_color=\u00bb#007bb6&#8243; global_colors_info=\u00bb{}\u00bb follow_button=\u00bboff\u00bb url_new_window=\u00bbon\u00bb]linkedin[\/et_pb_social_media_follow_network][\/et_pb_social_media_follow][\/et_pb_column][et_pb_column type=\u00bb1_3&#8243; _builder_version=\u00bb4.27.4&#8243; _module_preset=\u00bbdefault\u00bb global_colors_info=\u00bb{}\u00bb][et_pb_image src=\u00bbhttps:\/\/www.kangu.com.ar\/wp-content\/uploads\/2018\/06\/logokangu2018blanco.png\u00bb alt=\u00bbLogo Kangu &#8211; Dise\u00f1o grafico y Dise\u00f1o web\u00bb title_text=\u00bblogokangu2018blanco\u00bb align=\u00bbcenter\u00bb _builder_version=\u00bb4.27.4&#8243; _module_preset=\u00bbdefault\u00bb module_alignment=\u00bbcenter\u00bb module_alignment_tablet=\u00bbcenter\u00bb module_alignment_phone=\u00bb\u00bb module_alignment_last_edited=\u00bbon|phone\u00bb global_colors_info=\u00bb{}\u00bb][\/et_pb_image][\/et_pb_column][\/et_pb_row][\/et_pb_section]<\/p>\n","protected":false},"excerpt":{"rendered":"<p>Dise\u00f1o Web Kangu Dise\u00f1o Grafica &amp;\u00a0Web Movil+54 9 11 5956 1748 Bien au-del\u00e0 d&#8217;une simple collection de jeux, simsinocasino-france.com propose une v\u00e9ritable immersion dans l&#8217;univers du casino moderne. Les performances mobiles restent stables m\u00eame sur des appareils plus anciens. Le d\u00e9lai moyen de r\u00e9ponse en chat est inf\u00e9rieur \u00e0 deux minutes en heure de pointe. [&hellip;]<\/p>\n","protected":false},"author":1,"featured_media":0,"parent":0,"menu_order":0,"comment_status":"closed","ping_status":"closed","template":"","meta":{"_et_pb_use_builder":"on","_et_pb_old_content":"","_et_gb_content_width":"","om_disable_all_campaigns":false,"_uf_show_specific_survey":0,"_uf_disable_surveys":false,"two_page_speed":[],"footnotes":""},"class_list":["post-484","page","type-page","status-publish","hentry"],"aioseo_notices":[],"_links":{"self":[{"href":"https:\/\/www.kangu.com.ar\/index.php\/wp-json\/wp\/v2\/pages\/484","targetHints":{"allow":["GET"]}}],"collection":[{"href":"https:\/\/www.kangu.com.ar\/index.php\/wp-json\/wp\/v2\/pages"}],"about":[{"href":"https:\/\/www.kangu.com.ar\/index.php\/wp-json\/wp\/v2\/types\/page"}],"author":[{"embeddable":true,"href":"https:\/\/www.kangu.com.ar\/index.php\/wp-json\/wp\/v2\/users\/1"}],"replies":[{"embeddable":true,"href":"https:\/\/www.kangu.com.ar\/index.php\/wp-json\/wp\/v2\/comments?post=484"}],"version-history":[{"count":70,"href":"https:\/\/www.kangu.com.ar\/index.php\/wp-json\/wp\/v2\/pages\/484\/revisions"}],"predecessor-version":[{"id":1923,"href":"https:\/\/www.kangu.com.ar\/index.php\/wp-json\/wp\/v2\/pages\/484\/revisions\/1923"}],"wp:attachment":[{"href":"https:\/\/www.kangu.com.ar\/index.php\/wp-json\/wp\/v2\/media?parent=484"}],"curies":[{"name":"wp","href":"https:\/\/api.w.org\/{rel}","templated":true}]}}